{"id":5432,"date":"2025-07-30T15:05:08","date_gmt":"2025-07-30T18:05:08","guid":{"rendered":"https:\/\/mketstore.com\/?product=kit-havaianas-pingente-pingo-de-luz-adulto"},"modified":"2026-04-28T09:20:11","modified_gmt":"2026-04-28T12:20:11","slug":"kit-havaianas-pingente-pingo-de-luz-adulto","status":"publish","type":"product","link":"https:\/\/mketstore.com\/?product=kit-havaianas-pingente-pingo-de-luz-adulto","title":{"rendered":"Grade de Havaianas Alto relevo| sola | Adulto"},"content":{"rendered":"<p>grade com 12 pares, 5 cores dispon\u00edveis<\/p>\n<p>PVC 100% virgem<\/p>\n<p>nome em alto relevo ao redor da sola.<\/p>\n<p>numera\u00e7\u00e3o da grade<\/p>\n<p>2 &#8211; 33\/4<\/p>\n<p>4 &#8211; 35\/6<\/p>\n<p>4 &#8211; 37\/8<\/p>\n<p>2 &#8211; 39\/0<\/p>\n","protected":false},"excerpt":{"rendered":"<p>grade com 12 pares, 5 cores dispon\u00edveis PVC 100% virgem nome em alto relevo ao redor da sola. numera\u00e7\u00e3o da grade 2 &#8211; 33\/4 4 &#8211; 35\/6 4 &#8211; 37\/8 2 &#8211; 39\/0<\/p>\n","protected":false},"featured_media":5619,"comment_status":"open","ping_status":"closed","template":"","meta":{"_kad_post_transparent":"","_kad_post_title":"","_kad_post_layout":"","_kad_post_sidebar_id":"","_kad_post_content_style":"","_kad_post_vertical_padding":"","_kad_post_feature":"","_kad_post_feature_position":"","_kad_post_header":false,"_kad_post_footer":false,"_kad_post_classname":""},"product_cat":[28],"product_tag":[],"_links":{"self":[{"href":"https:\/\/mketstore.com\/index.php?rest_route=\/wp\/v2\/product\/5432"}],"collection":[{"href":"https:\/\/mketstore.com\/index.php?rest_route=\/wp\/v2\/product"}],"about":[{"href":"https:\/\/mketstore.com\/index.php?rest_route=\/wp\/v2\/types\/product"}],"replies":[{"embeddable":true,"href":"https:\/\/mketstore.com\/index.php?rest_route=%2Fwp%2Fv2%2Fcomments&post=5432"}],"wp:featuredmedia":[{"embeddable":true,"href":"https:\/\/mketstore.com\/index.php?rest_route=\/wp\/v2\/media\/5619"}],"wp:attachment":[{"href":"https:\/\/mketstore.com\/index.php?rest_route=%2Fwp%2Fv2%2Fmedia&parent=5432"}],"wp:term":[{"taxonomy":"product_cat","embeddable":true,"href":"https:\/\/mketstore.com\/index.php?rest_route=%2Fwp%2Fv2%2Fproduct_cat&post=5432"},{"taxonomy":"product_tag","embeddable":true,"href":"https:\/\/mketstore.com\/index.php?rest_route=%2Fwp%2Fv2%2Fproduct_tag&post=5432"}],"curies":[{"name":"wp","href":"https:\/\/api.w.org\/{rel}","templated":true}]}}