{"id":5315,"date":"2025-05-26T11:23:06","date_gmt":"2025-05-26T14:23:06","guid":{"rendered":"https:\/\/mketstore.com\/?product=grade-pingente-havaianas-adulto-sola-pvc-100"},"modified":"2026-04-28T09:20:11","modified_gmt":"2026-04-28T12:20:11","slug":"grade-pingente-havaianas-adulto-sola-pvc-100","status":"publish","type":"product","link":"https:\/\/mketstore.com\/?product=grade-pingente-havaianas-adulto-sola-pvc-100","title":{"rendered":"Grade BRASIL NA COPA Femina | Havaianas| Adulto | sola PVC 100%"},"content":{"rendered":"<p>grade com 12 pares, 5 cores diferentes na grade.<\/p>\n<p>sola 100% PVC<\/p>\n<p>SOLA EM ALTO RELEVO , COMEMORA\u00c7\u00c3O COPA.<\/p>\n<p>CORREIA COM APLICA\u00c7\u00c3O COLADA.<\/p>\n<p>Numera\u00e7\u00e3o padr\u00e3o de f\u00e1brica:<\/p>\n<p>2 &#8211; 33\/4<\/p>\n<p>4 &#8211; 35\/6<\/p>\n<p>4 &#8211; 37\/8<\/p>\n<p>2 &#8211; 39\/0<\/p>\n","protected":false},"excerpt":{"rendered":"<p>grade com 12 pares, 5 cores diferentes na grade. sola 100% PVC SOLA EM ALTO RELEVO , COMEMORA\u00c7\u00c3O COPA. CORREIA COM APLICA\u00c7\u00c3O COLADA. Numera\u00e7\u00e3o padr\u00e3o de f\u00e1brica: 2 &#8211; 33\/4 4 &#8211; 35\/6 4 &#8211; 37\/8 2 &#8211; 39\/0<\/p>\n","protected":false},"featured_media":5618,"comment_status":"open","ping_status":"closed","template":"","meta":{"_kad_post_transparent":"","_kad_post_title":"","_kad_post_layout":"","_kad_post_sidebar_id":"","_kad_post_content_style":"","_kad_post_vertical_padding":"","_kad_post_feature":"","_kad_post_feature_position":"","_kad_post_header":false,"_kad_post_footer":false,"_kad_post_classname":""},"product_cat":[28],"product_tag":[],"_links":{"self":[{"href":"https:\/\/mketstore.com\/index.php?rest_route=\/wp\/v2\/product\/5315"}],"collection":[{"href":"https:\/\/mketstore.com\/index.php?rest_route=\/wp\/v2\/product"}],"about":[{"href":"https:\/\/mketstore.com\/index.php?rest_route=\/wp\/v2\/types\/product"}],"replies":[{"embeddable":true,"href":"https:\/\/mketstore.com\/index.php?rest_route=%2Fwp%2Fv2%2Fcomments&post=5315"}],"wp:featuredmedia":[{"embeddable":true,"href":"https:\/\/mketstore.com\/index.php?rest_route=\/wp\/v2\/media\/5618"}],"wp:attachment":[{"href":"https:\/\/mketstore.com\/index.php?rest_route=%2Fwp%2Fv2%2Fmedia&parent=5315"}],"wp:term":[{"taxonomy":"product_cat","embeddable":true,"href":"https:\/\/mketstore.com\/index.php?rest_route=%2Fwp%2Fv2%2Fproduct_cat&post=5315"},{"taxonomy":"product_tag","embeddable":true,"href":"https:\/\/mketstore.com\/index.php?rest_route=%2Fwp%2Fv2%2Fproduct_tag&post=5315"}],"curies":[{"name":"wp","href":"https:\/\/api.w.org\/{rel}","templated":true}]}}