{"id":5282,"date":"2025-05-06T11:53:20","date_gmt":"2025-05-06T14:53:20","guid":{"rendered":"https:\/\/mketstore.com\/?product=slide-baby-grade-mesclada"},"modified":"2026-01-23T15:43:32","modified_gmt":"2026-01-23T18:43:32","slug":"slide-baby-grade-mesclada","status":"publish","type":"product","link":"https:\/\/mketstore.com\/?product=slide-baby-grade-mesclada","title":{"rendered":"Slide Baby | grade mesclada"},"content":{"rendered":"<p>*CHINELO BABY*<br \/>\n\ud83e\ude77\ud83d\ude0d\ud83d\udc99<\/p>\n<p>&#8211; impress\u00e3o digital<br \/>\n&#8211; passador ajust\u00e1vel na lateral<\/p>\n<p>Numera\u00e7\u00e3o da grade<\/p>\n<p>3 &#8211; 18\/9<\/p>\n<p>3 &#8211; 20\/1<\/p>\n<p>3 &#8211; 22\/3<\/p>\n<p>3 &#8211; 24\/5<br \/>\n\ud83e\udd70\ud83e\udd70\ud83e\udd70\ud83e\udd70\ud83e\udd70\ud83e\udd70\ud83e\udd70<\/p>\n","protected":false},"excerpt":{"rendered":"<p>*CHINELO BABY* \ud83e\ude77\ud83d\ude0d\ud83d\udc99 &#8211; impress\u00e3o digital &#8211; passador ajust\u00e1vel na lateral Numera\u00e7\u00e3o da grade 3 &#8211; 18\/9 3 &#8211; 20\/1 3 &#8211; 22\/3 3 &#8211; 24\/5 \ud83e\udd70\ud83e\udd70\ud83e\udd70\ud83e\udd70\ud83e\udd70\ud83e\udd70\ud83e\udd70<\/p>\n","protected":false},"featured_media":5281,"comment_status":"open","ping_status":"closed","template":"","meta":{"_kad_post_transparent":"","_kad_post_title":"","_kad_post_layout":"","_kad_post_sidebar_id":"","_kad_post_content_style":"","_kad_post_vertical_padding":"","_kad_post_feature":"","_kad_post_feature_position":"","_kad_post_header":false,"_kad_post_footer":false,"_kad_post_classname":""},"product_cat":[28],"product_tag":[],"_links":{"self":[{"href":"https:\/\/mketstore.com\/index.php?rest_route=\/wp\/v2\/product\/5282"}],"collection":[{"href":"https:\/\/mketstore.com\/index.php?rest_route=\/wp\/v2\/product"}],"about":[{"href":"https:\/\/mketstore.com\/index.php?rest_route=\/wp\/v2\/types\/product"}],"replies":[{"embeddable":true,"href":"https:\/\/mketstore.com\/index.php?rest_route=%2Fwp%2Fv2%2Fcomments&post=5282"}],"wp:featuredmedia":[{"embeddable":true,"href":"https:\/\/mketstore.com\/index.php?rest_route=\/wp\/v2\/media\/5281"}],"wp:attachment":[{"href":"https:\/\/mketstore.com\/index.php?rest_route=%2Fwp%2Fv2%2Fmedia&parent=5282"}],"wp:term":[{"taxonomy":"product_cat","embeddable":true,"href":"https:\/\/mketstore.com\/index.php?rest_route=%2Fwp%2Fv2%2Fproduct_cat&post=5282"},{"taxonomy":"product_tag","embeddable":true,"href":"https:\/\/mketstore.com\/index.php?rest_route=%2Fwp%2Fv2%2Fproduct_tag&post=5282"}],"curies":[{"name":"wp","href":"https:\/\/api.w.org\/{rel}","templated":true}]}}