{"id":3835,"date":"2023-06-07T11:52:46","date_gmt":"2023-06-07T14:52:46","guid":{"rendered":"https:\/\/mketstore.com\/?product=grade-juvenil-lacoste"},"modified":"2026-04-28T11:14:11","modified_gmt":"2026-04-28T14:14:11","slug":"grade-juvenil-lacoste","status":"publish","type":"product","link":"https:\/\/mketstore.com\/?product=grade-juvenil-lacoste","title":{"rendered":"Grade de LACOSTE adulto | transfer digital| COM 12 PARES | mais informa\u00e7\u00f5es na descri\u00e7\u00e3o abaixo"},"content":{"rendered":"<p>Grade com 12 pares mesclado com 6 estampas diferentes na grade.<\/p>\n<p>(Cores conforme est\u00e1 na foto do cat\u00e1logo)<\/p>\n<p>\u2022Solado PVC micro expandido<\/p>\n<p>\u2022Estampa transfer digital.<\/p>\n<p>\u2022Logo de metal<\/p>\n<p>_acompanha TAG e pino anel_<\/p>\n<p>Numera\u00e7\u00e3o padr\u00e3o de f\u00e1brica!<\/p>\n<p>(N\u00famera\u00e7ao n\u00e3o muda e nem altera.)<\/p>\n<p>(N\u00c3O MISTURAMOS MARCAS EM UMA SO GRADE).<\/p>\n<p>N\u00daMERA\u00c7AO DA GRADE:<\/p>\n<p>2 &#8211; 37\/8<\/p>\n<p>4 &#8211; 39\/0<\/p>\n<p>4 &#8211; 41\/2<\/p>\n<p>2 &#8211; 43\/4<\/p>\n","protected":false},"excerpt":{"rendered":"<p>Grade com 12 pares mesclado com 6 estampas diferentes na grade. (Cores conforme est\u00e1 na foto do cat\u00e1logo) \u2022Solado PVC micro expandido \u2022Estampa transfer digital. \u2022Logo de metal _acompanha TAG e pino anel_ Numera\u00e7\u00e3o padr\u00e3o de f\u00e1brica! (N\u00famera\u00e7ao n\u00e3o muda e nem altera.) (N\u00c3O MISTURAMOS MARCAS EM UMA SO GRADE). N\u00daMERA\u00c7AO DA GRADE: 2 &#8211;&#8230;<\/p>\n","protected":false},"featured_media":5614,"comment_status":"open","ping_status":"closed","template":"","meta":{"_kad_post_transparent":"","_kad_post_title":"","_kad_post_layout":"","_kad_post_sidebar_id":"","_kad_post_content_style":"","_kad_post_vertical_padding":"","_kad_post_feature":"","_kad_post_feature_position":"","_kad_post_header":false,"_kad_post_footer":false,"_kad_post_classname":""},"product_cat":[28],"product_tag":[],"_links":{"self":[{"href":"https:\/\/mketstore.com\/index.php?rest_route=\/wp\/v2\/product\/3835"}],"collection":[{"href":"https:\/\/mketstore.com\/index.php?rest_route=\/wp\/v2\/product"}],"about":[{"href":"https:\/\/mketstore.com\/index.php?rest_route=\/wp\/v2\/types\/product"}],"replies":[{"embeddable":true,"href":"https:\/\/mketstore.com\/index.php?rest_route=%2Fwp%2Fv2%2Fcomments&post=3835"}],"wp:featuredmedia":[{"embeddable":true,"href":"https:\/\/mketstore.com\/index.php?rest_route=\/wp\/v2\/media\/5614"}],"wp:attachment":[{"href":"https:\/\/mketstore.com\/index.php?rest_route=%2Fwp%2Fv2%2Fmedia&parent=3835"}],"wp:term":[{"taxonomy":"product_cat","embeddable":true,"href":"https:\/\/mketstore.com\/index.php?rest_route=%2Fwp%2Fv2%2Fproduct_cat&post=3835"},{"taxonomy":"product_tag","embeddable":true,"href":"https:\/\/mketstore.com\/index.php?rest_route=%2Fwp%2Fv2%2Fproduct_tag&post=3835"}],"curies":[{"name":"wp","href":"https:\/\/api.w.org\/{rel}","templated":true}]}}