{"id":3612,"date":"2023-05-10T23:55:16","date_gmt":"2023-05-11T02:55:16","guid":{"rendered":"https:\/\/mketstore.com\/?product=chinelo-havaianas-infantil"},"modified":"2024-09-16T18:26:16","modified_gmt":"2024-09-16T21:26:16","slug":"chinelo-havaianas-infantil","status":"publish","type":"product","link":"https:\/\/mketstore.com\/?product=chinelo-havaianas-infantil","title":{"rendered":"Chinelo Havaianas Infantil*"},"content":{"rendered":"","protected":false},"excerpt":{"rendered":"<p>Valor unit\u00e1rio*<\/p>\n<p>por favor confirme no whatsapp as estampas e numera\u00e7\u00f5es dispon\u00edveis!<\/p>\n<p>At0015<\/p>\n<p>(m\u00ednimo 6 para retirada\/m\u00ednimo 12 para envio)<\/p>\n","protected":false},"featured_media":3611,"comment_status":"open","ping_status":"closed","template":"","meta":{"_kad_post_transparent":"","_kad_post_title":"","_kad_post_layout":"","_kad_post_sidebar_id":"","_kad_post_content_style":"","_kad_post_vertical_padding":"","_kad_post_feature":"","_kad_post_feature_position":"","_kad_post_header":false,"_kad_post_footer":false,"_kad_post_classname":""},"product_cat":[181],"product_tag":[],"_links":{"self":[{"href":"https:\/\/mketstore.com\/index.php?rest_route=\/wp\/v2\/product\/3612"}],"collection":[{"href":"https:\/\/mketstore.com\/index.php?rest_route=\/wp\/v2\/product"}],"about":[{"href":"https:\/\/mketstore.com\/index.php?rest_route=\/wp\/v2\/types\/product"}],"replies":[{"embeddable":true,"href":"https:\/\/mketstore.com\/index.php?rest_route=%2Fwp%2Fv2%2Fcomments&post=3612"}],"wp:featuredmedia":[{"embeddable":true,"href":"https:\/\/mketstore.com\/index.php?rest_route=\/wp\/v2\/media\/3611"}],"wp:attachment":[{"href":"https:\/\/mketstore.com\/index.php?rest_route=%2Fwp%2Fv2%2Fmedia&parent=3612"}],"wp:term":[{"taxonomy":"product_cat","embeddable":true,"href":"https:\/\/mketstore.com\/index.php?rest_route=%2Fwp%2Fv2%2Fproduct_cat&post=3612"},{"taxonomy":"product_tag","embeddable":true,"href":"https:\/\/mketstore.com\/index.php?rest_route=%2Fwp%2Fv2%2Fproduct_tag&post=3612"}],"curies":[{"name":"wp","href":"https:\/\/api.w.org\/{rel}","templated":true}]}}