{"id":2947,"date":"2022-10-17T00:13:54","date_gmt":"2022-10-17T03:13:54","guid":{"rendered":"http:\/\/mket.ga\/?post_type=product&#038;p=2947"},"modified":"2023-08-11T15:46:08","modified_gmt":"2023-08-11T18:46:08","slug":"tenis-nike-zoom-rose","status":"publish","type":"product","link":"https:\/\/mketstore.com\/?product=tenis-nike-zoom-rose","title":{"rendered":"T\u00eanis Nike Zoom Ros\u00e9"},"content":{"rendered":"<p>Atacado m\u00ednimo 6 pares<\/p>\n<p>c\u00f3digo AT-6500<\/p>\n","protected":false},"excerpt":{"rendered":"<p>Atacado m\u00ednimo 6 pares c\u00f3digo AT-6500<\/p>\n","protected":false},"featured_media":2955,"comment_status":"open","ping_status":"closed","template":"","meta":{"_kad_post_transparent":"","_kad_post_title":"","_kad_post_layout":"","_kad_post_sidebar_id":"","_kad_post_content_style":"","_kad_post_vertical_padding":"","_kad_post_feature":"","_kad_post_feature_position":"","_kad_post_header":false,"_kad_post_footer":false,"_kad_post_classname":""},"product_cat":[27],"product_tag":[],"_links":{"self":[{"href":"https:\/\/mketstore.com\/index.php?rest_route=\/wp\/v2\/product\/2947"}],"collection":[{"href":"https:\/\/mketstore.com\/index.php?rest_route=\/wp\/v2\/product"}],"about":[{"href":"https:\/\/mketstore.com\/index.php?rest_route=\/wp\/v2\/types\/product"}],"replies":[{"embeddable":true,"href":"https:\/\/mketstore.com\/index.php?rest_route=%2Fwp%2Fv2%2Fcomments&post=2947"}],"wp:featuredmedia":[{"embeddable":true,"href":"https:\/\/mketstore.com\/index.php?rest_route=\/wp\/v2\/media\/2955"}],"wp:attachment":[{"href":"https:\/\/mketstore.com\/index.php?rest_route=%2Fwp%2Fv2%2Fmedia&parent=2947"}],"wp:term":[{"taxonomy":"product_cat","embeddable":true,"href":"https:\/\/mketstore.com\/index.php?rest_route=%2Fwp%2Fv2%2Fproduct_cat&post=2947"},{"taxonomy":"product_tag","embeddable":true,"href":"https:\/\/mketstore.com\/index.php?rest_route=%2Fwp%2Fv2%2Fproduct_tag&post=2947"}],"curies":[{"name":"wp","href":"https:\/\/api.w.org\/{rel}","templated":true}]}}