{"id":2881,"date":"2022-10-17T00:13:27","date_gmt":"2022-10-17T03:13:27","guid":{"rendered":"http:\/\/mket.ga\/?post_type=product&#038;p=2881"},"modified":"2025-06-19T09:53:31","modified_gmt":"2025-06-19T12:53:31","slug":"sapatenis-lacoste-masculino-adulto","status":"publish","type":"product","link":"https:\/\/mketstore.com\/?product=sapatenis-lacoste-masculino-adulto","title":{"rendered":"Sapat\u00eanis Lacoste | Masculino | Adulto"},"content":{"rendered":"<p>Sapat\u00eanis Lacoste com cadar\u00e7o<\/p>\n<p>acompanha saquinho e caixa.<\/p>\n<p>C\u00f3digo AT-7000<\/p>\n","protected":false},"excerpt":{"rendered":"<p>at0070<\/p>\n","protected":false},"featured_media":4331,"comment_status":"open","ping_status":"closed","template":"","meta":{"_kad_post_transparent":"","_kad_post_title":"","_kad_post_layout":"","_kad_post_sidebar_id":"","_kad_post_content_style":"","_kad_post_vertical_padding":"","_kad_post_feature":"","_kad_post_feature_position":"","_kad_post_header":false,"_kad_post_footer":false,"_kad_post_classname":""},"product_cat":[27],"product_tag":[169,85,41],"_links":{"self":[{"href":"https:\/\/mketstore.com\/index.php?rest_route=\/wp\/v2\/product\/2881"}],"collection":[{"href":"https:\/\/mketstore.com\/index.php?rest_route=\/wp\/v2\/product"}],"about":[{"href":"https:\/\/mketstore.com\/index.php?rest_route=\/wp\/v2\/types\/product"}],"replies":[{"embeddable":true,"href":"https:\/\/mketstore.com\/index.php?rest_route=%2Fwp%2Fv2%2Fcomments&post=2881"}],"wp:featuredmedia":[{"embeddable":true,"href":"https:\/\/mketstore.com\/index.php?rest_route=\/wp\/v2\/media\/4331"}],"wp:attachment":[{"href":"https:\/\/mketstore.com\/index.php?rest_route=%2Fwp%2Fv2%2Fmedia&parent=2881"}],"wp:term":[{"taxonomy":"product_cat","embeddable":true,"href":"https:\/\/mketstore.com\/index.php?rest_route=%2Fwp%2Fv2%2Fproduct_cat&post=2881"},{"taxonomy":"product_tag","embeddable":true,"href":"https:\/\/mketstore.com\/index.php?rest_route=%2Fwp%2Fv2%2Fproduct_tag&post=2881"}],"curies":[{"name":"wp","href":"https:\/\/api.w.org\/{rel}","templated":true}]}}