{"id":2515,"date":"2022-10-17T00:09:51","date_gmt":"2022-10-17T03:09:51","guid":{"rendered":"http:\/\/mket.ga\/?post_type=product&#038;p=2515"},"modified":"2024-06-03T11:59:21","modified_gmt":"2024-06-03T14:59:21","slug":"camiseta-dry-fit-selecao-brasileira-2","status":"publish","type":"product","link":"https:\/\/mketstore.com\/?product=camiseta-dry-fit-selecao-brasileira-2","title":{"rendered":"Camiseta Dry Fit Sele\u00e7\u00e3o Brasileira."},"content":{"rendered":"<p>_Camiseta sele\u00e7\u00e3o brasileira_<\/p>\n<p>Cores dispon\u00edveis: branca, preta, azul, amarela e verde.<\/p>\n<p>tamanhos: P, M, G e GG<\/p>\n<p>_forma pequena_<\/p>\n<p>(consulte disponibilidade de cores e tamanhos)<\/p>\n","protected":false},"excerpt":{"rendered":"<p>_Camiseta sele\u00e7\u00e3o brasileira_ Cores dispon\u00edveis: branca, preta, azul, amarela e verde. tamanhos: P, M, G e GG _forma pequena_ (consulte disponibilidade de cores e tamanhos)<\/p>\n","protected":false},"featured_media":2535,"comment_status":"open","ping_status":"closed","template":"","meta":{"_kad_post_transparent":"","_kad_post_title":"","_kad_post_layout":"","_kad_post_sidebar_id":"","_kad_post_content_style":"","_kad_post_vertical_padding":"","_kad_post_feature":"","_kad_post_feature_position":"","_kad_post_header":false,"_kad_post_footer":false,"_kad_post_classname":""},"product_cat":[44,121],"product_tag":[66,119,120,95],"_links":{"self":[{"href":"https:\/\/mketstore.com\/index.php?rest_route=\/wp\/v2\/product\/2515"}],"collection":[{"href":"https:\/\/mketstore.com\/index.php?rest_route=\/wp\/v2\/product"}],"about":[{"href":"https:\/\/mketstore.com\/index.php?rest_route=\/wp\/v2\/types\/product"}],"replies":[{"embeddable":true,"href":"https:\/\/mketstore.com\/index.php?rest_route=%2Fwp%2Fv2%2Fcomments&post=2515"}],"wp:featuredmedia":[{"embeddable":true,"href":"https:\/\/mketstore.com\/index.php?rest_route=\/wp\/v2\/media\/2535"}],"wp:attachment":[{"href":"https:\/\/mketstore.com\/index.php?rest_route=%2Fwp%2Fv2%2Fmedia&parent=2515"}],"wp:term":[{"taxonomy":"product_cat","embeddable":true,"href":"https:\/\/mketstore.com\/index.php?rest_route=%2Fwp%2Fv2%2Fproduct_cat&post=2515"},{"taxonomy":"product_tag","embeddable":true,"href":"https:\/\/mketstore.com\/index.php?rest_route=%2Fwp%2Fv2%2Fproduct_tag&post=2515"}],"curies":[{"name":"wp","href":"https:\/\/api.w.org\/{rel}","templated":true}]}}