{"id":1677,"date":"2022-10-16T23:57:09","date_gmt":"2022-10-17T02:57:09","guid":{"rendered":"http:\/\/mket.ga\/?post_type=product&#038;p=1677"},"modified":"2024-06-26T15:28:17","modified_gmt":"2024-06-26T18:28:17","slug":"brand-collection-052-inspiracao-dior-addict-25ml","status":"publish","type":"product","link":"https:\/\/mketstore.com\/?product=brand-collection-052-inspiracao-dior-addict-25ml","title":{"rendered":"Brand Collection 052 &#8211; Inspira\u00e7\u00e3o Dior Addict &#8211; 25ml"},"content":{"rendered":"<p>A linha BRAND COLLECTION trabalha com perfumes Travel Size (Tamanho Viagem) s\u00e3o fabricados em tamanho \u00fanico de 25ml.<\/p>\n<p>Com essa proposta o cliente pode ter acesso a v\u00e1rias fragr\u00e2ncias, possibilitando ter diversas op\u00e7\u00f5es de perfumes sem investir um valor muito alto.<\/p>\n<p>Fragr\u00e2ncia: Dior Addict<\/p>\n<p>A linha BRAND COLLECTION trabalha com perfumes Travel Size (Tamanho Viagem) s\u00e3o fabricados em tamanho \u00fanico de 25ml.<\/p>\n<p>Com essa proposta o cliente pode ter acesso a v\u00e1rias fragr\u00e2ncias, possibilitando ter diversas op\u00e7\u00f5es de perfumes sem investir um valor muito alto.<\/p>\n","protected":false},"excerpt":{"rendered":"<p>AT0050<\/p>\n","protected":false},"featured_media":1724,"comment_status":"open","ping_status":"closed","template":"","meta":{"_kad_post_transparent":"","_kad_post_title":"","_kad_post_layout":"","_kad_post_sidebar_id":"","_kad_post_content_style":"","_kad_post_vertical_padding":"","_kad_post_feature":"","_kad_post_feature_position":"","_kad_post_header":false,"_kad_post_footer":false,"_kad_post_classname":""},"product_cat":[81],"product_tag":[],"_links":{"self":[{"href":"https:\/\/mketstore.com\/index.php?rest_route=\/wp\/v2\/product\/1677"}],"collection":[{"href":"https:\/\/mketstore.com\/index.php?rest_route=\/wp\/v2\/product"}],"about":[{"href":"https:\/\/mketstore.com\/index.php?rest_route=\/wp\/v2\/types\/product"}],"replies":[{"embeddable":true,"href":"https:\/\/mketstore.com\/index.php?rest_route=%2Fwp%2Fv2%2Fcomments&post=1677"}],"wp:featuredmedia":[{"embeddable":true,"href":"https:\/\/mketstore.com\/index.php?rest_route=\/wp\/v2\/media\/1724"}],"wp:attachment":[{"href":"https:\/\/mketstore.com\/index.php?rest_route=%2Fwp%2Fv2%2Fmedia&parent=1677"}],"wp:term":[{"taxonomy":"product_cat","embeddable":true,"href":"https:\/\/mketstore.com\/index.php?rest_route=%2Fwp%2Fv2%2Fproduct_cat&post=1677"},{"taxonomy":"product_tag","embeddable":true,"href":"https:\/\/mketstore.com\/index.php?rest_route=%2Fwp%2Fv2%2Fproduct_tag&post=1677"}],"curies":[{"name":"wp","href":"https:\/\/api.w.org\/{rel}","templated":true}]}}