{"id":1574,"date":"2022-10-16T23:56:17","date_gmt":"2022-10-17T02:56:17","guid":{"rendered":"http:\/\/mket.ga\/?post_type=product&#038;p=1574"},"modified":"2024-05-08T20:44:04","modified_gmt":"2024-05-08T23:44:04","slug":"tenis-masculino-adidas-ultraboost-preto-c-laranja","status":"publish","type":"product","link":"https:\/\/mketstore.com\/?product=tenis-masculino-adidas-ultraboost-preto-c-laranja","title":{"rendered":"PROMO\u00c7\u00c3O ULTIMO PAR |T\u00eanis Masculino Adidas Ultraboost Preto c\/ Laranja"},"content":{"rendered":"<p>*vai no saquinho!<\/p>\n<p>n\u00e3o cont\u00e9m caixa<\/p>\n","protected":false},"excerpt":{"rendered":"<p>at0065<\/p>\n","protected":false},"featured_media":1623,"comment_status":"open","ping_status":"closed","template":"","meta":{"_kad_post_transparent":"","_kad_post_title":"","_kad_post_layout":"","_kad_post_sidebar_id":"","_kad_post_content_style":"","_kad_post_vertical_padding":"","_kad_post_feature":"","_kad_post_feature_position":"","_kad_post_header":false,"_kad_post_footer":false,"_kad_post_classname":""},"product_cat":[27],"product_tag":[],"_links":{"self":[{"href":"https:\/\/mketstore.com\/index.php?rest_route=\/wp\/v2\/product\/1574"}],"collection":[{"href":"https:\/\/mketstore.com\/index.php?rest_route=\/wp\/v2\/product"}],"about":[{"href":"https:\/\/mketstore.com\/index.php?rest_route=\/wp\/v2\/types\/product"}],"replies":[{"embeddable":true,"href":"https:\/\/mketstore.com\/index.php?rest_route=%2Fwp%2Fv2%2Fcomments&post=1574"}],"wp:featuredmedia":[{"embeddable":true,"href":"https:\/\/mketstore.com\/index.php?rest_route=\/wp\/v2\/media\/1623"}],"wp:attachment":[{"href":"https:\/\/mketstore.com\/index.php?rest_route=%2Fwp%2Fv2%2Fmedia&parent=1574"}],"wp:term":[{"taxonomy":"product_cat","embeddable":true,"href":"https:\/\/mketstore.com\/index.php?rest_route=%2Fwp%2Fv2%2Fproduct_cat&post=1574"},{"taxonomy":"product_tag","embeddable":true,"href":"https:\/\/mketstore.com\/index.php?rest_route=%2Fwp%2Fv2%2Fproduct_tag&post=1574"}],"curies":[{"name":"wp","href":"https:\/\/api.w.org\/{rel}","templated":true}]}}