{"id":1543,"date":"2022-10-16T23:55:53","date_gmt":"2022-10-17T02:55:53","guid":{"rendered":"http:\/\/mket.ga\/?post_type=product&#038;p=1543"},"modified":"2023-05-23T11:03:02","modified_gmt":"2023-05-23T14:03:02","slug":"brand-collection-263-inspiracao-gucci-guilty-absolute-25ml","status":"publish","type":"product","link":"https:\/\/mketstore.com\/?product=brand-collection-263-inspiracao-gucci-guilty-absolute-25ml","title":{"rendered":"Brand Collection 263 &#8211; Inspira\u00e7\u00e3o Gucci Guilty Absolute &#8211; 25ml"},"content":{"rendered":"<h2>Os Brand Collection<\/h2>\n<p>Os perfumes Brand Collection s\u00e3o inspirados nos grandes perfumes importados, (chamamos de contratipos) por\u00e9m de tudo que existe no mercado eles s\u00e3o os mais pr\u00f3ximos aos perfumes importados famosos em termos de qualidade de embalagem e l\u00edquido. A linha Brand Collection trabalha com perfumes Travel Size (tamanho para viagem), s\u00e3o fabricados em tamanho de 25 ml e seus frascos parecem lindas miniaturas dos perfumes famosos. Com essa proposta o cliente tem acesso a v\u00e1rios perfumes possibilitando o mesmo ter diversas op\u00e7\u00f5es de fragr\u00e2ncias sem investir um alto valor, adquirindo um produto de qualidade. Foram efetuados diversos comparativos dos mesmos com perfumes importados famosos e o que ficou ressaltado nesses testes \u00e9 a proximidade em termos de qualidade comparado aos perfumes de grife.<\/p>\n","protected":false},"excerpt":{"rendered":"<p>AT0050<\/p>\n","protected":false},"featured_media":1597,"comment_status":"open","ping_status":"closed","template":"","meta":{"_kad_post_transparent":"","_kad_post_title":"","_kad_post_layout":"","_kad_post_sidebar_id":"","_kad_post_content_style":"","_kad_post_vertical_padding":"","_kad_post_feature":"","_kad_post_feature_position":"","_kad_post_header":false,"_kad_post_footer":false,"_kad_post_classname":""},"product_cat":[81],"product_tag":[84,85],"_links":{"self":[{"href":"https:\/\/mketstore.com\/index.php?rest_route=\/wp\/v2\/product\/1543"}],"collection":[{"href":"https:\/\/mketstore.com\/index.php?rest_route=\/wp\/v2\/product"}],"about":[{"href":"https:\/\/mketstore.com\/index.php?rest_route=\/wp\/v2\/types\/product"}],"replies":[{"embeddable":true,"href":"https:\/\/mketstore.com\/index.php?rest_route=%2Fwp%2Fv2%2Fcomments&post=1543"}],"wp:featuredmedia":[{"embeddable":true,"href":"https:\/\/mketstore.com\/index.php?rest_route=\/wp\/v2\/media\/1597"}],"wp:attachment":[{"href":"https:\/\/mketstore.com\/index.php?rest_route=%2Fwp%2Fv2%2Fmedia&parent=1543"}],"wp:term":[{"taxonomy":"product_cat","embeddable":true,"href":"https:\/\/mketstore.com\/index.php?rest_route=%2Fwp%2Fv2%2Fproduct_cat&post=1543"},{"taxonomy":"product_tag","embeddable":true,"href":"https:\/\/mketstore.com\/index.php?rest_route=%2Fwp%2Fv2%2Fproduct_tag&post=1543"}],"curies":[{"name":"wp","href":"https:\/\/api.w.org\/{rel}","templated":true}]}}