{"id":959,"date":"2020-11-17T07:13:56","date_gmt":"2020-11-17T10:13:56","guid":{"rendered":"https:\/\/startertemplatecloud.com\/g02\/cart-2\/"},"modified":"2022-10-17T13:47:25","modified_gmt":"2022-10-17T16:47:25","slug":"carrinho","status":"publish","type":"page","link":"https:\/\/mketstore.com\/?page_id=959","title":{"rendered":"Carrinho"},"content":{"rendered":"<div class=\"woocommerce\"><div class=\"woocommerce-notices-wrapper\"><\/div><div class=\"kadence-woo-cart-form-wrap\">\n<form class=\"woocommerce-cart-form\" action=\"https:\/\/mketstore.com\/?page_id=959\" method=\"post\">\n\t<div class=\"cart-summary\"><h2>Resumo do Carrinho<\/h2><\/div>\n\t<table class=\"shop_table shop_table_responsive cart woocommerce-cart-form__contents\" cellspacing=\"0\">\n\t\t<thead>\n\t\t\t<tr>\n\t\t\t\t<th class=\"product-remove\"><span class=\"screen-reader-text\">Remover item<\/span><\/th>\n\t\t\t\t<th class=\"product-thumbnail\"><span class=\"screen-reader-text\">Imagem de miniatura<\/span><\/th>\n\t\t\t\t<th class=\"product-name\">Produto<\/th>\n\t\t\t\t<th class=\"product-price\">Pre\u00e7o<\/th>\n\t\t\t\t<th class=\"product-quantity\">Quantidade<\/th>\n\t\t\t\t<th class=\"product-subtotal\">Subtotal<\/th>\n\t\t\t<\/tr>\n\t\t<\/thead>\n\t\t<tbody>\n\t\t\t\n\t\t\t\t\t\t\t\t<tr class=\"woocommerce-cart-form__cart-item cart_item\">\n\n\t\t\t\t\t\t<td class=\"product-remove\">\n\t\t\t\t\t\t\t<a href=\"https:\/\/mketstore.com\/?page_id=959&#038;remove_item=24e27b869b66e9e62724bd7725d5d9c1&#038;_wpnonce=8fdfdc9126\" class=\"remove\" aria-label=\"Remove Bolsa Santa Lolla | Branco | Media from cart\" data-product_id=\"2443\" data-product_sku=\"BG006430\">&times;<\/a>\t\t\t\t\t\t<\/td>\n\n\t\t\t\t\t\t<td class=\"product-thumbnail\">\n\t\t\t\t\t\t<a href=\"https:\/\/mketstore.com\/?product=bolsa-arezzo-preta-grande\"><img width=\"800\" height=\"800\" src=\"https:\/\/mketstore.com\/wp-content\/uploads\/2023\/05\/1000167649-800x800.jpg\" class=\"attachment-woocommerce_thumbnail size-woocommerce_thumbnail\" alt=\"\" decoding=\"async\" loading=\"lazy\" srcset=\"https:\/\/mketstore.com\/wp-content\/uploads\/2023\/05\/1000167649-800x800.jpg 800w, https:\/\/mketstore.com\/wp-content\/uploads\/2023\/05\/1000167649-150x150.jpg 150w, https:\/\/mketstore.com\/wp-content\/uploads\/2023\/05\/1000167649-100x100.jpg 100w\" sizes=\"(max-width: 800px) 100vw, 800px\" \/><\/a>\t\t\t\t\t\t<\/td>\n\n\t\t\t\t\t\t<td class=\"product-name\" data-title=\"Produto\">\n\t\t\t\t\t\t<a href=\"https:\/\/mketstore.com\/?product=bolsa-arezzo-preta-grande\">Bolsa Santa Lolla | Branco | Media<\/a>\t\t\t\t\t\t<\/td>\n\n\t\t\t\t\t\t<td class=\"product-price\" data-title=\"Pre\u00e7o\">\n\t\t\t\t\t\t\t<del aria-hidden=\"true\"><span class=\"woocommerce-Price-amount amount\"><bdi><span class=\"woocommerce-Price-currencySymbol\">&#82;&#36;<\/span>&nbsp;150,00<\/bdi><\/span><\/del> <ins><span class=\"woocommerce-Price-amount amount\"><bdi><span class=\"woocommerce-Price-currencySymbol\">&#82;&#36;<\/span>&nbsp;110,00<\/bdi><\/span><\/ins>\t\t\t\t\t\t<\/td>\n\n\t\t\t\t\t\t<td class=\"product-quantity\" data-title=\"Quantidade\">\n\t\t\t\t\t\t<div class=\"quantity\">\n\t\t<label class=\"screen-reader-text\" for=\"quantity_69f35341d624f\">Bolsa Santa Lolla | Branco | Media quantidade<\/label>\n\t<input\n\t\ttype=\"number\"\n\t\t\t\tid=\"quantity_69f35341d624f\"\n\t\tclass=\"input-text qty text\"\n\t\tname=\"cart[24e27b869b66e9e62724bd7725d5d9c1][qty]\"\n\t\tvalue=\"1\"\n\t\taria-label=\"Product quantity\"\n\t\tsize=\"4\"\n\t\tmin=\"0\"\n\t\tmax=\"1\"\n\t\t\t\t\tstep=\"1\"\n\t\t\tplaceholder=\"\"\n\t\t\tinputmode=\"numeric\"\n\t\t\tautocomplete=\"off\"\n\t\t\t\/>\n\t<\/div>\n\t\t\t\t\t\t<\/td>\n\n\t\t\t\t\t\t<td class=\"product-subtotal\" data-title=\"Subtotal\">\n\t\t\t\t\t\t\t<del aria-hidden=\"true\"><span class=\"woocommerce-Price-amount amount\"><bdi><span class=\"woocommerce-Price-currencySymbol\">&#82;&#36;<\/span>&nbsp;150,00<\/bdi><\/span><\/del> <ins><span class=\"woocommerce-Price-amount amount\"><bdi><span class=\"woocommerce-Price-currencySymbol\">&#82;&#36;<\/span>&nbsp;110,00<\/bdi><\/span><\/ins>\t\t\t\t\t\t<\/td>\n\t\t\t\t\t<\/tr>\n\t\t\t\t\t\t\t\t\t\t<tr class=\"woocommerce-cart-form__cart-item cart_item\">\n\n\t\t\t\t\t\t<td class=\"product-remove\">\n\t\t\t\t\t\t\t<a href=\"https:\/\/mketstore.com\/?page_id=959&#038;remove_item=3c947bc2f7ff007b86a9428b74654de5&#038;_wpnonce=8fdfdc9126\" class=\"remove\" aria-label=\"Remove Rel\u00f3gio Rolex GMT Master II \u269c\ufe0fLinha Ouro\u269c\ufe0f from cart\" data-product_id=\"1856\" data-product_sku=\"\">&times;<\/a>\t\t\t\t\t\t<\/td>\n\n\t\t\t\t\t\t<td class=\"product-thumbnail\">\n\t\t\t\t\t\t<a href=\"https:\/\/mketstore.com\/?product=relogio-rolex-gmt-master-ii-%e2%9a%9c%ef%b8%8flinha-ouro%e2%9a%9c%ef%b8%8f\"><img width=\"800\" height=\"800\" src=\"https:\/\/mketstore.com\/wp-content\/uploads\/2022\/10\/247986-800x800.jpg\" class=\"attachment-woocommerce_thumbnail size-woocommerce_thumbnail\" alt=\"\" decoding=\"async\" loading=\"lazy\" srcset=\"https:\/\/mketstore.com\/wp-content\/uploads\/2022\/10\/247986-800x800.jpg 800w, https:\/\/mketstore.com\/wp-content\/uploads\/2022\/10\/247986-150x150.jpg 150w, https:\/\/mketstore.com\/wp-content\/uploads\/2022\/10\/247986-100x100.jpg 100w\" sizes=\"(max-width: 800px) 100vw, 800px\" \/><\/a>\t\t\t\t\t\t<\/td>\n\n\t\t\t\t\t\t<td class=\"product-name\" data-title=\"Produto\">\n\t\t\t\t\t\t<a href=\"https:\/\/mketstore.com\/?product=relogio-rolex-gmt-master-ii-%e2%9a%9c%ef%b8%8flinha-ouro%e2%9a%9c%ef%b8%8f\">Rel\u00f3gio Rolex GMT Master II \u269c\ufe0fLinha Ouro\u269c\ufe0f<\/a>\t\t\t\t\t\t<\/td>\n\n\t\t\t\t\t\t<td class=\"product-price\" data-title=\"Pre\u00e7o\">\n\t\t\t\t\t\t\t<span class=\"woocommerce-Price-amount amount\"><bdi><span class=\"woocommerce-Price-currencySymbol\">&#82;&#36;<\/span>&nbsp;2.500,00<\/bdi><\/span>\t\t\t\t\t\t<\/td>\n\n\t\t\t\t\t\t<td class=\"product-quantity\" data-title=\"Quantidade\">\n\t\t\t\t\t\t<div class=\"quantity\">\n\t\t<label class=\"screen-reader-text\" for=\"quantity_69f35341d6bee\">Rel\u00f3gio Rolex GMT Master II \u269c\ufe0fLinha Ouro\u269c\ufe0f quantidade<\/label>\n\t<input\n\t\ttype=\"number\"\n\t\t\t\tid=\"quantity_69f35341d6bee\"\n\t\tclass=\"input-text qty text\"\n\t\tname=\"cart[3c947bc2f7ff007b86a9428b74654de5][qty]\"\n\t\tvalue=\"1\"\n\t\taria-label=\"Product quantity\"\n\t\tsize=\"4\"\n\t\tmin=\"0\"\n\t\tmax=\"1\"\n\t\t\t\t\tstep=\"1\"\n\t\t\tplaceholder=\"\"\n\t\t\tinputmode=\"numeric\"\n\t\t\tautocomplete=\"off\"\n\t\t\t\/>\n\t<\/div>\n\t\t\t\t\t\t<\/td>\n\n\t\t\t\t\t\t<td class=\"product-subtotal\" data-title=\"Subtotal\">\n\t\t\t\t\t\t\t<span class=\"woocommerce-Price-amount amount\"><bdi><span class=\"woocommerce-Price-currencySymbol\">&#82;&#36;<\/span>&nbsp;2.500,00<\/bdi><\/span>\t\t\t\t\t\t<\/td>\n\t\t\t\t\t<\/tr>\n\t\t\t\t\t\n\t\t\t\n\t\t\t<tr>\n\t\t\t\t<td colspan=\"6\" class=\"actions\">\n\n\t\t\t\t\t\t\t\t\t\t\t<div class=\"coupon\">\n\t\t\t\t\t\t\t<label for=\"coupon_code\" class=\"screen-reader-text\">Cupom:<\/label> <input type=\"text\" name=\"coupon_code\" class=\"input-text\" id=\"coupon_code\" value=\"\" placeholder=\"C\u00f3digo do cupom\" \/> <button type=\"submit\" class=\"button\" name=\"apply_coupon\" value=\"Aplicar cupom\">Aplicar cupom<\/button>\n\t\t\t\t\t\t\t\t\t\t\t\t\t<\/div>\n\t\t\t\t\t\n\t\t\t\t\t<button type=\"submit\" class=\"button\" name=\"update_cart\" value=\"Atualizar carrinho\">Atualizar carrinho<\/button>\n\n\t\t\t\t\t\n\t\t\t\t\t<input type=\"hidden\" id=\"woocommerce-cart-nonce\" name=\"woocommerce-cart-nonce\" value=\"8fdfdc9126\" \/><input type=\"hidden\" name=\"_wp_http_referer\" value=\"\/index.php?rest_route=%2Fwp%2Fv2%2Fpages%2F959\" \/>\t\t\t\t<\/td>\n\t\t\t<\/tr>\n\n\t\t\t\t\t<\/tbody>\n\t<\/table>\n\t<\/form>\n\n\n<div class=\"cart-collaterals\">\n\t<div class=\"cart_totals \">\n\n\t\n\t<h2>Total no carrinho<\/h2>\n\n\t<table cellspacing=\"0\" class=\"shop_table shop_table_responsive\">\n\n\t\t<tr class=\"cart-subtotal\">\n\t\t\t<th>Subtotal<\/th>\n\t\t\t<td data-title=\"Subtotal\"><span class=\"woocommerce-Price-amount amount\"><bdi><span class=\"woocommerce-Price-currencySymbol\">&#82;&#36;<\/span>&nbsp;2.610,00<\/bdi><\/span><\/td>\n\t\t<\/tr>\n\n\t\t\n\t\t\n\t\t\t\n\t\t\t<tr class=\"woocommerce-shipping-totals shipping\">\n\t<th>Entrega<\/th>\n\t<td data-title=\"Entrega\">\n\t\t\t\t\t<ul id=\"shipping_method\" class=\"woocommerce-shipping-methods\">\n\t\t\t\t\t\t\t\t\t<li>\n\t\t\t\t\t\t<input type=\"hidden\" name=\"shipping_method[0]\" data-index=\"0\" id=\"shipping_method_0_local_pickup9\" value=\"local_pickup:9\" class=\"shipping_method\" \/><label for=\"shipping_method_0_local_pickup9\">Retirada no local<\/label>\t\t\t\t\t<\/li>\n\t\t\t\t\t\t\t<\/ul>\n\t\t\t\t\t\t\t<p class=\"woocommerce-shipping-destination\">\n\t\t\t\t\tEntrega para <strong>Tocantins<\/strong>. \t\t\t\t<\/p>\n\t\t\t\t\t\t\n\t\t\n\t\t\t\t\t\n<form class=\"woocommerce-shipping-calculator\" action=\"https:\/\/mketstore.com\/?page_id=959\" method=\"post\">\n\n\t<a href=\"#\" class=\"shipping-calculator-button\">Mudar endere\u00e7o<\/a>\n\t<section class=\"shipping-calculator-form\" style=\"display:none;\">\n\n\t\t\t\t\t<p class=\"form-row form-row-wide\" id=\"calc_shipping_country_field\">\n\t\t\t\t<label for=\"calc_shipping_country\" class=\"screen-reader-text\">Pa\u00eds \/ regi\u00e3o:<\/label>\n\t\t\t\t<select name=\"calc_shipping_country\" id=\"calc_shipping_country\" class=\"country_to_state country_select\" rel=\"calc_shipping_state\">\n\t\t\t\t\t<option value=\"default\">Selecione um pa\u00eds&hellip;<\/option>\n\t\t\t\t\t<option value=\"AF\">Afeganist\u00e3o<\/option><option value=\"ZA\">\u00c1frica do Sul<\/option><option value=\"AL\">Alb\u00e2nia<\/option><option value=\"DE\">Alemanha<\/option><option value=\"AD\">Andorra<\/option><option value=\"AO\">Angola<\/option><option value=\"AI\">Anguilla<\/option><option value=\"AQ\">Ant\u00e1rtica<\/option><option value=\"AG\">Ant\u00edgua e Barbuda<\/option><option value=\"SA\">Ar\u00e1bia Saudita<\/option><option value=\"DZ\">Arg\u00e9lia<\/option><option value=\"AR\">Argentina<\/option><option value=\"AM\">Arm\u00eania<\/option><option value=\"AW\">Aruba<\/option><option value=\"AU\">Austr\u00e1lia<\/option><option value=\"AT\">\u00c1ustria<\/option><option value=\"AZ\">Azerbaij\u00e3o<\/option><option value=\"BS\">Bahamas<\/option><option value=\"BD\">Bangladesh<\/option><option value=\"BB\">Barbados<\/option><option value=\"BH\">Bar\u00e9m<\/option><option value=\"PW\">Belau<\/option><option value=\"BE\">B\u00e9lgica<\/option><option value=\"BZ\">Belize<\/option><option value=\"BJ\">Benim<\/option><option value=\"BM\">Bermudas<\/option><option value=\"BY\">Bielorr\u00fassia<\/option><option value=\"BO\">Bol\u00edvia<\/option><option value=\"BA\">B\u00f3snia e Herzegovina<\/option><option value=\"BW\">Botsuana<\/option><option value=\"BR\" selected='selected'>Brasil<\/option><option value=\"BN\">Brunei<\/option><option value=\"BG\">Bulg\u00e1ria<\/option><option value=\"BF\">Burquina Fasso<\/option><option value=\"BI\">Bur\u00fandi<\/option><option value=\"BT\">But\u00e3o<\/option><option value=\"CV\">Cabo Verde<\/option><option value=\"CM\">Camar\u00f5es<\/option><option value=\"KH\">Camboja<\/option><option value=\"CA\">Canad\u00e1<\/option><option value=\"QA\">Catar<\/option><option value=\"KZ\">Cazaquist\u00e3o<\/option><option value=\"TD\">Chade<\/option><option value=\"CL\">Chile<\/option><option value=\"CN\">China<\/option><option value=\"CY\">Chipre<\/option><option value=\"SG\">Cingapura<\/option><option value=\"CO\">Col\u00f4mbia<\/option><option value=\"KM\">Comores<\/option><option value=\"MP\">Comunidade das Ilhas Marianas Setentrionais<\/option><option value=\"CG\">Congo (Brazzaville)<\/option><option value=\"CD\">Congo (Kinshasa)<\/option><option value=\"KP\">Cor\u00e9ia do Norte<\/option><option value=\"KR\">Cor\u00e9ia do Sul<\/option><option value=\"CI\">Costa do Marfim<\/option><option value=\"CR\">Costa Rica<\/option><option value=\"HR\">Cro\u00e1cia<\/option><option value=\"CU\">Cuba<\/option><option value=\"CW\">Cura&ccedil;ao<\/option><option value=\"DK\">Dinamarca<\/option><option value=\"DJ\">Djibouti<\/option><option value=\"DM\">Dominica<\/option><option value=\"EG\">Egito<\/option><option value=\"SV\">El Salvador<\/option><option value=\"AE\">Emirados \u00c1rabes Unidos<\/option><option value=\"EC\">Equador<\/option><option value=\"ER\">Eritreia<\/option><option value=\"SK\">Eslov\u00e1quia<\/option><option value=\"SI\">Eslovenia<\/option><option value=\"ES\">Espanha<\/option><option value=\"US\">Estados Unidos<\/option><option value=\"EE\">Est\u00f4nia<\/option><option value=\"SZ\">Eswatini<\/option><option value=\"ET\">Eti\u00f3pia<\/option><option value=\"FJ\">Fiji<\/option><option value=\"PH\">Filipinas<\/option><option value=\"FI\">Finl\u00e2ndia<\/option><option value=\"FR\">Fran\u00e7a<\/option><option value=\"GA\">Gab\u00e3o<\/option><option value=\"GM\">G\u00e2mbia<\/option><option value=\"GH\">Gana<\/option><option value=\"GE\">Ge\u00f3rgia<\/option><option value=\"GI\">Gibraltar<\/option><option value=\"GD\">Granada<\/option><option value=\"GR\">Gr\u00e9cia<\/option><option value=\"GL\">Groenl\u00e2ndia<\/option><option value=\"GP\">Guadalupe<\/option><option value=\"GU\">Guam<\/option><option value=\"GT\">Guatemala<\/option><option value=\"GG\">Guernsey<\/option><option value=\"GY\">Guiana<\/option><option value=\"GF\">Guiana Francesa<\/option><option value=\"GN\">Guin\u00e9<\/option><option value=\"GQ\">Guin\u00e9 Equatorial<\/option><option value=\"GW\">Guin\u00e9-Bissau<\/option><option value=\"HT\">Haiti<\/option><option value=\"NL\">Holanda<\/option><option value=\"HN\">Honduras<\/option><option value=\"HK\">Hong Kong<\/option><option value=\"HU\">Hungria<\/option><option value=\"YE\">I\u00e9men<\/option><option value=\"BV\">Ilha Bouvet<\/option><option value=\"CX\">Ilha Christmas<\/option><option value=\"IM\">Ilha de Man<\/option><option value=\"MF\">Ilha de S\u00e3o Martinho (Rep\u00fablica Francesa)<\/option><option value=\"HM\">Ilha Heard e Ilhas McDonald<\/option><option value=\"NF\">Ilha Norfolk<\/option><option value=\"AX\">Ilhas Aland<\/option><option value=\"KY\">Ilhas Cayman<\/option><option value=\"CC\">Ilhas Cocos<\/option><option value=\"CK\">Ilhas Cook<\/option><option value=\"FO\">Ilhas Feroe<\/option><option value=\"GS\">Ilhas Ge\u00f3rgia do Sul e Sandwich do Sul<\/option><option value=\"FK\">Ilhas Malvinas<\/option><option value=\"MH\">Ilhas Marshall<\/option><option value=\"UM\">Ilhas Menores Distantes, Estados Unidos da Am\u00e9rica (EUA)<\/option><option value=\"PN\">Ilhas Pitcairn<\/option><option value=\"SB\">Ilhas Salom\u00e3o<\/option><option value=\"TC\">Ilhas Turcas e Caicos<\/option><option value=\"VI\">Ilhas Virgens (EUA)<\/option><option value=\"VG\">Ilhas Virgens Brit\u00e2nicas<\/option><option value=\"IN\">\u00cdndia<\/option><option value=\"ID\">Indon\u00e9sia<\/option><option value=\"IR\">Ir\u00e3<\/option><option value=\"IQ\">Iraque<\/option><option value=\"IE\">Irlanda<\/option><option value=\"IS\">Isl\u00e2ndia<\/option><option value=\"IL\">Israel<\/option><option value=\"IT\">It\u00e1lia<\/option><option value=\"JM\">Jamaica<\/option><option value=\"JP\">Jap\u00e3o<\/option><option value=\"JE\">Jersey<\/option><option value=\"JO\">Jord\u00e2nia<\/option><option value=\"KW\">Kuweit<\/option><option value=\"LA\">Laos<\/option><option value=\"LV\">L\u00e1tvia<\/option><option value=\"LS\">Lesoto<\/option><option value=\"LB\">L\u00edbano<\/option><option value=\"LR\">Lib\u00e9ria<\/option><option value=\"LY\">L\u00edbia<\/option><option value=\"LI\">Liechtenstein<\/option><option value=\"LT\">Litu\u00e2nia<\/option><option value=\"LU\">Luxemburgo<\/option><option value=\"MO\">Macao<\/option><option value=\"MK\">Maced\u00f4nia do Norte<\/option><option value=\"MG\">Madagascar<\/option><option value=\"MY\">Mal\u00e1sia<\/option><option value=\"MW\">Malawi<\/option><option value=\"MV\">Maldivas<\/option><option value=\"ML\">Mali<\/option><option value=\"MT\">Malta<\/option><option value=\"MA\">Marrocos<\/option><option value=\"MQ\">Martinica<\/option><option value=\"MU\">Maur\u00edcio<\/option><option value=\"MR\">Maurit\u00e2nia<\/option><option value=\"YT\">Mayotte<\/option><option value=\"MX\">M\u00e9xico<\/option><option value=\"FM\">Micron\u00e9sia<\/option><option value=\"MZ\">Mo\u00e7ambique<\/option><option value=\"MD\">Mold\u00e1via<\/option><option value=\"MC\">M\u00f4naco<\/option><option value=\"MN\">Mong\u00f3lia<\/option><option value=\"ME\">Montenegro<\/option><option value=\"MS\">Montserrat<\/option><option value=\"NA\">Nam\u00edbia<\/option><option value=\"NR\">Nauru<\/option><option value=\"NP\">Nepal<\/option><option value=\"NI\">Nicar\u00e1gua<\/option><option value=\"NE\">N\u00edger<\/option><option value=\"NG\">Nig\u00e9ria<\/option><option value=\"NU\">Niue<\/option><option value=\"NO\">Noruega<\/option><option value=\"NC\">Nova Caled\u00f3nia<\/option><option value=\"NZ\">Nova Zel\u00e2ndia<\/option><option value=\"OM\">Om\u00e3<\/option><option value=\"BQ\">Pa\u00edses baixos Caribenhos<\/option><option value=\"PA\">Panam\u00e1<\/option><option value=\"PG\">Papua-Nova Guin\u00e9<\/option><option value=\"PK\">Paquist\u00e3o<\/option><option value=\"PY\">Paraguai<\/option><option value=\"PE\">Peru<\/option><option value=\"PF\">Polin\u00e9sia Francesa<\/option><option value=\"PL\">Pol\u00f4nia<\/option><option value=\"PR\">Porto Rico<\/option><option value=\"PT\">Portugal<\/option><option value=\"KE\">Qu\u00eania<\/option><option value=\"KG\">Quirguist\u00e3o<\/option><option value=\"KI\">Quirib\u00e1ti<\/option><option value=\"GB\">Reino Unido (UK)<\/option><option value=\"CZ\">Rep\u00fablica Checa<\/option><option value=\"CF\">Rep\u00fablica da \u00c1frica Central<\/option><option value=\"MM\">Rep\u00fablica da Uni\u00e3o de Myanmar<\/option><option value=\"DO\">Rep\u00fablica Dominicana<\/option><option value=\"RE\">Reuni\u00e3o<\/option><option value=\"RO\">Rom\u00eania<\/option><option value=\"RW\">Ruanda<\/option><option value=\"RU\">R\u00fassia<\/option><option value=\"ST\">S&atilde;o Tom&eacute; e Pr&iacute;ncipe<\/option><option value=\"EH\">Saara Ocidental<\/option><option value=\"SX\">Saint Martin (parte Holandesa)<\/option><option value=\"PM\">Saint-Pierre e Miquelon<\/option><option value=\"WS\">Samoa<\/option><option value=\"AS\">Samoa Americana<\/option><option value=\"SM\">San Marino<\/option><option value=\"SH\">Santa Helena<\/option><option value=\"LC\">Santa L\u00facia<\/option><option value=\"BL\">S\u00e3o Bartolomeu<\/option><option value=\"KN\">S\u00e3o Crist\u00f3v\u00e3o e Nevis<\/option><option value=\"VC\">S\u00e3o Vicente e Granadinas<\/option><option value=\"SN\">Senegal<\/option><option value=\"SL\">Serra Leoa<\/option><option value=\"RS\">S\u00e9rvia<\/option><option value=\"SC\">Seychelles<\/option><option value=\"SY\">S\u00edria<\/option><option value=\"SO\">Som\u00e1lia<\/option><option value=\"LK\">Sri Lanka<\/option><option value=\"SD\">Sud\u00e3o<\/option><option value=\"SS\">Sud\u00e3o do Sul<\/option><option value=\"SE\">Su\u00e9cia<\/option><option value=\"CH\">Sui\u00e7a<\/option><option value=\"SR\">Suriname<\/option><option value=\"SJ\">Svalbard e Jan Mayen<\/option><option value=\"TH\">Tail\u00e2ndia<\/option><option value=\"TW\">Taiwan<\/option><option value=\"TJ\">Tajiquist\u00e3o<\/option><option value=\"TZ\">Tanz\u00e2nia<\/option><option value=\"IO\">Territ\u00f3rio Brit\u00e2nico do Oceano \u00cdndico<\/option><option value=\"TF\">Territ\u00f3rio das Terras Austrais e Ant\u00e1rcticas Francesas<\/option><option value=\"PS\">Territ\u00f3rio Palestino<\/option><option value=\"TL\">Timor-Leste<\/option><option value=\"TG\">Togo<\/option><option value=\"TK\">Tokelau<\/option><option value=\"TO\">Tonga<\/option><option value=\"TT\">Trinidad e Tobago<\/option><option value=\"TN\">Tun\u00edsia<\/option><option value=\"TM\">Turcomenist\u00e3o<\/option><option value=\"TR\">Turquia<\/option><option value=\"TV\">Tuvalu<\/option><option value=\"UA\">Ucr\u00e2nia<\/option><option value=\"UG\">Uganda<\/option><option value=\"UY\">Uruguai<\/option><option value=\"UZ\">Uzbequist\u00e3o<\/option><option value=\"VU\">Vanuatu<\/option><option value=\"VA\">Vaticano<\/option><option value=\"VE\">Venezuela<\/option><option value=\"VN\">Vietn\u00e3<\/option><option value=\"WF\">Wallis e Futuna<\/option><option value=\"ZM\">Z\u00e2mbia<\/option><option value=\"ZW\">Zimb\u00e1bue<\/option>\t\t\t\t<\/select>\n\t\t\t<\/p>\n\t\t\n\t\t\t\t\t<p class=\"form-row form-row-wide\" id=\"calc_shipping_state_field\">\n\t\t\t\t\t\t\t\t\t<span>\n\t\t\t\t\t\t<label for=\"calc_shipping_state\" class=\"screen-reader-text\">Estado \/ Pa\u00eds:<\/label>\n\t\t\t\t\t\t<select name=\"calc_shipping_state\" class=\"state_select\" id=\"calc_shipping_state\" data-placeholder=\"Estado\">\n\t\t\t\t\t\t\t<option value=\"\">Selecione uma op\u00e7\u00e3o&hellip;<\/option>\n\t\t\t\t\t\t\t<option value=\"AC\" >Acre<\/option><option value=\"AL\" >Alagoas<\/option><option value=\"AP\" >Amap\u00e1<\/option><option value=\"AM\" >Amazonas<\/option><option value=\"BA\" >Bahia<\/option><option value=\"CE\" >Cear\u00e1<\/option><option value=\"DF\" >Distrito Federal<\/option><option value=\"ES\" >Esp\u00edrito Santo<\/option><option value=\"GO\" >Goi\u00e1s<\/option><option value=\"MA\" >Maranh\u00e3o<\/option><option value=\"MT\" >Mato Grosso<\/option><option value=\"MS\" >Mato Grosso do Sul<\/option><option value=\"MG\" >Minas Gerais<\/option><option value=\"PA\" >Par\u00e1<\/option><option value=\"PB\" >Para\u00edba<\/option><option value=\"PR\" >Paran\u00e1<\/option><option value=\"PE\" >Pernambuco<\/option><option value=\"PI\" >Piau\u00ed<\/option><option value=\"RJ\" >Rio de Janeiro<\/option><option value=\"RN\" >Rio Grande do Norte<\/option><option value=\"RS\" >Rio Grande do Sul<\/option><option value=\"RO\" >Rond\u00f4nia<\/option><option value=\"RR\" >Roraima<\/option><option value=\"SC\" >Santa Catarina<\/option><option value=\"SP\" >S\u00e3o Paulo<\/option><option value=\"SE\" >Sergipe<\/option><option value=\"TO\"  selected='selected'>Tocantins<\/option>\t\t\t\t\t\t<\/select>\n\t\t\t\t\t<\/span>\n\t\t\t\t\t\t\t\t<\/p>\n\t\t\n\t\t\t\t\t<p class=\"form-row form-row-wide\" id=\"calc_shipping_city_field\">\n\t\t\t\t<label for=\"calc_shipping_city\" class=\"screen-reader-text\">Cidade:<\/label>\n\t\t\t\t<input type=\"text\" class=\"input-text\" value=\"\" placeholder=\"Cidade\" name=\"calc_shipping_city\" id=\"calc_shipping_city\" \/>\n\t\t\t<\/p>\n\t\t\n\t\t\t\t\t<p class=\"form-row form-row-wide\" id=\"calc_shipping_postcode_field\">\n\t\t\t\t<label for=\"calc_shipping_postcode\" class=\"screen-reader-text\">C\u00f3digo postal \/ CEP:<\/label>\n\t\t\t\t<input type=\"text\" class=\"input-text\" value=\"\" placeholder=\"CEP\" name=\"calc_shipping_postcode\" id=\"calc_shipping_postcode\" \/>\n\t\t\t<\/p>\n\t\t\n\t\t<p><button type=\"submit\" name=\"calc_shipping\" value=\"1\" class=\"button\">Atualizar<\/button><\/p>\n\t\t<input type=\"hidden\" id=\"woocommerce-shipping-calculator-nonce\" name=\"woocommerce-shipping-calculator-nonce\" value=\"de6bc739c0\" \/><input type=\"hidden\" name=\"_wp_http_referer\" value=\"\/index.php?rest_route=%2Fwp%2Fv2%2Fpages%2F959\" \/>\t<\/section>\n<\/form>\n\n\t\t\t<\/td>\n<\/tr>\n\n\t\t\t\n\t\t\n\t\t\n\t\t\n\t\t\n\t\t<tr class=\"order-total\">\n\t\t\t<th>Total<\/th>\n\t\t\t<td data-title=\"Total\"><strong><span class=\"woocommerce-Price-amount amount\"><bdi><span class=\"woocommerce-Price-currencySymbol\">&#82;&#36;<\/span>&nbsp;2.610,00<\/bdi><\/span><\/strong> <\/td>\n\t\t<\/tr>\n\n\t\t\n\t<\/table>\n\n\t<div class=\"wc-proceed-to-checkout\">\n\t\t\n<a href=\"https:\/\/mketstore.com\/?page_id=960\" class=\"checkout-button button alt wc-forward\">\n\tContinuar para a finaliza\u00e7\u00e3o de compra<\/a>\n\t<\/div>\n\n\t\t<div class=\"wc-proceed-to-checkout\">\r\n\t\t<a id=\"sendbtn\" href=\"https:\/\/web.whatsapp.com\/send?phone=5563992928064&text=Quero+finalizar+meu+pedido.%0D%0A%0D%0A%2ABolsa+Santa+Lolla+%7C+Branco+%7C+Media%2A%0D%0A%2AQuantidade%3A%2A+1+%0D%0A%2APre%C3%A7o%3A%2A &#82;&#36;&nbsp;110,00 %0D%0A%2AURL%3A%2A+https%3A%2F%2Fmketstore.com%2F%3Fproduct%3Dbolsa-arezzo-preta-grande%0D%0A%0D%0A%2ARel%C3%B3gio+Rolex+GMT+Master+II+%E2%9A%9C%EF%B8%8FLinha+Ouro%E2%9A%9C%EF%B8%8F%2A%0D%0A%2AQuantidade%3A%2A+1+%0D%0A%2APre%C3%A7o%3A%2A &#82;&#36;&nbsp;2.500,00 %0D%0A%2AURL%3A%2A+https%3A%2F%2Fmketstore.com%2F%3Fproduct%3Drelogio-rolex-gmt-master-ii-%25e2%259a%259c%25ef%25b8%258flinha-ouro%25e2%259a%259c%25ef%25b8%258f%0D%0A%2AEntrega%3A%2A+%0D%0ATocantins%0D%0ABrasil%0D%0A%0D%0A%2AValor+total%3A%2A%0D%0A&#082;&#036;&nbsp;2.610,00%0D%0A%0D%0AObrigado%21\" target=\"\" class=\"wa-order-checkout checkout-button button\">\r\n\t\t\tEnvia pedido para whatsapp\t\t<\/a>\r\n\t<\/div>\t    \r\n\t\n<\/div>\n<\/div>\n\n<\/div><\/div>\n","protected":false},"excerpt":{"rendered":"","protected":false},"author":1,"featured_media":0,"parent":0,"menu_order":0,"comment_status":"closed","ping_status":"closed","template":"","meta":{"_kad_post_transparent":"","_kad_post_title":"","_kad_post_layout":"","_kad_post_sidebar_id":"","_kad_post_content_style":"","_kad_post_vertical_padding":"","_kad_post_feature":"","_kad_post_feature_position":"","_kad_post_header":false,"_kad_post_footer":false,"_kad_post_classname":""},"_links":{"self":[{"href":"https:\/\/mketstore.com\/index.php?rest_route=\/wp\/v2\/pages\/959"}],"collection":[{"href":"https:\/\/mketstore.com\/index.php?rest_route=\/wp\/v2\/pages"}],"about":[{"href":"https:\/\/mketstore.com\/index.php?rest_route=\/wp\/v2\/types\/page"}],"author":[{"embeddable":true,"href":"https:\/\/mketstore.com\/index.php?rest_route=\/wp\/v2\/users\/1"}],"replies":[{"embeddable":true,"href":"https:\/\/mketstore.com\/index.php?rest_route=%2Fwp%2Fv2%2Fcomments&post=959"}],"version-history":[{"count":2,"href":"https:\/\/mketstore.com\/index.php?rest_route=\/wp\/v2\/pages\/959\/revisions"}],"predecessor-version":[{"id":3005,"href":"https:\/\/mketstore.com\/index.php?rest_route=\/wp\/v2\/pages\/959\/revisions\/3005"}],"wp:attachment":[{"href":"https:\/\/mketstore.com\/index.php?rest_route=%2Fwp%2Fv2%2Fmedia&parent=959"}],"curies":[{"name":"wp","href":"https:\/\/api.w.org\/{rel}","templated":true}]}}